{"id":2,"date":"2024-09-10T12:47:51","date_gmt":"2024-09-10T12:47:51","guid":{"rendered":"https:\/\/nethitsgroup.com\/?page_id=2"},"modified":"2025-02-17T09:38:00","modified_gmt":"2025-02-17T09:38:00","slug":"sample-page","status":"publish","type":"page","link":"https:\/\/nethitsgroup.com\/","title":{"rendered":"Nethits"},"content":{"rendered":"\t\t<div data-elementor-type=\"wp-page\" data-elementor-id=\"2\" class=\"elementor elementor-2\" data-elementor-post-type=\"page\">\n\t\t\t\t<div class=\"elementor-element elementor-element-9accbfe e-con-full e-flex e-con e-parent\" data-id=\"9accbfe\" data-element_type=\"container\">\n\t\t\t\t<div class=\"elementor-element elementor-element-5b62a46 premium-vscroll-nav-dots-yes elementor-widget elementor-widget-premium-vscroll\" data-id=\"5b62a46\" data-element_type=\"widget\" data-widget_type=\"premium-vscroll.default\">\n\t\t\t\t<div class=\"elementor-widget-container\">\n\t\t\t\n\t\t<div class=\"premium-vscroll-wrap\" id=\"premium-vscroll-wrap-5b62a46\" data-settings=\"{&quot;id&quot;:&quot;5b62a46&quot;,&quot;speed&quot;:700,&quot;offset&quot;:0,&quot;tooltips&quot;:true,&quot;dotsText&quot;:[&quot;&quot;],&quot;dotsPos&quot;:&quot;right&quot;,&quot;dotsVPos&quot;:&quot;middle&quot;,&quot;fullSection&quot;:true,&quot;fullTouch&quot;:false,&quot;fullCheckOverflow&quot;:true,&quot;addToHistory&quot;:true,&quot;animation&quot;:&quot;&quot;,&quot;duration&quot;:null}\">\n\t\t\t\t\t\t<div class=\"premium-vscroll-inner\" id=\"premium-vscroll-5b62a46\">\n\t\t\t\t<div class=\"premium-vscroll-dots premium-vscroll-dots-hide right middle circ\">\n\t\t\t\t\t<ul class=\"premium-vscroll-dots-list\">\n\t\t\t\t\t\t\t\t\t\t\t\t\t<li data-index=\"0\" data-menuanchor=\"inicio\" class=\"premium-vscroll-dot-item\">\n\t\t\t\t\t\t\t\t<div class=\"premium-vscroll-nav-link\"><span><\/span><\/div>\n\t\t\t\t\t\t\t<\/li>\n\t\t\t\t\t\t\t\t\t\t\t\t\t<li data-index=\"1\" data-menuanchor=\"somos\" class=\"premium-vscroll-dot-item\">\n\t\t\t\t\t\t\t\t<div class=\"premium-vscroll-nav-link\"><span><\/span><\/div>\n\t\t\t\t\t\t\t<\/li>\n\t\t\t\t\t\t\t\t\t\t\t\t\t<li data-index=\"2\" data-menuanchor=\"empresas\" class=\"premium-vscroll-dot-item\">\n\t\t\t\t\t\t\t\t<div class=\"premium-vscroll-nav-link\"><span><\/span><\/div>\n\t\t\t\t\t\t\t<\/li>\n\t\t\t\t\t\t\t\t\t\t\t\t\t<li data-index=\"3\" data-menuanchor=\"contacto\" class=\"premium-vscroll-dot-item\">\n\t\t\t\t\t\t\t\t<div class=\"premium-vscroll-nav-link\"><span><\/span><\/div>\n\t\t\t\t\t\t\t<\/li>\n\t\t\t\t\t\t\t\t\t\t\t<\/ul>\n\t\t\t\t<\/div>\n\t\t\t\t\t\t\t<\/div>\n\t\t<\/div>\n\n\t\t\t\t<\/div>\n\t\t\t\t<\/div>\n\t\t\t\t<\/div>\n\t\t<div class=\"elementor-element elementor-element-6ad79ee e-flex e-con-boxed e-con e-parent\" data-id=\"6ad79ee\" data-element_type=\"container\" data-settings=\"{&quot;background_background&quot;:&quot;classic&quot;,&quot;position&quot;:&quot;absolute&quot;}\">\n\t\t\t\t\t<div class=\"e-con-inner\">\n\t\t\t\t<div class=\"elementor-element elementor-element-61974c6 elementor-icon-list--layout-inline elementor-align-right elementor-mobile-align-center elementor-list-item-link-full_width elementor-widget elementor-widget-icon-list\" data-id=\"61974c6\" data-element_type=\"widget\" data-settings=\"{&quot;sticky&quot;:&quot;top&quot;,&quot;sticky_on&quot;:[&quot;desktop&quot;,&quot;tablet&quot;,&quot;mobile&quot;],&quot;sticky_offset&quot;:0,&quot;sticky_effects_offset&quot;:0}\" data-widget_type=\"icon-list.default\">\n\t\t\t\t<div class=\"elementor-widget-container\">\n\t\t\t\t\t<ul class=\"elementor-icon-list-items elementor-inline-items\">\n\t\t\t\t\t\t\t<li class=\"elementor-icon-list-item elementor-inline-item\">\n\t\t\t\t\t\t\t\t\t\t\t<a href=\"#somos\">\n\n\t\t\t\t\t\t\t\t\t\t\t<span class=\"elementor-icon-list-text\">Somos<\/span>\n\t\t\t\t\t\t\t\t\t\t\t<\/a>\n\t\t\t\t\t\t\t\t\t<\/li>\n\t\t\t\t\t\t\t\t<li class=\"elementor-icon-list-item elementor-inline-item\">\n\t\t\t\t\t\t\t\t\t\t\t<a href=\"#empresas\">\n\n\t\t\t\t\t\t\t\t\t\t\t<span class=\"elementor-icon-list-text\">Empresas<\/span>\n\t\t\t\t\t\t\t\t\t\t\t<\/a>\n\t\t\t\t\t\t\t\t\t<\/li>\n\t\t\t\t\t\t\t\t<li class=\"elementor-icon-list-item elementor-inline-item\">\n\t\t\t\t\t\t\t\t\t\t\t<a href=\"#contacto\">\n\n\t\t\t\t\t\t\t\t\t\t\t<span class=\"elementor-icon-list-text\">Contacto<\/span>\n\t\t\t\t\t\t\t\t\t\t\t<\/a>\n\t\t\t\t\t\t\t\t\t<\/li>\n\t\t\t\t\t\t\t\t<li class=\"elementor-icon-list-item elementor-inline-item\">\n\t\t\t\t\t\t\t\t\t\t\t<a href=\"https:\/\/nethitsgroup.com\/?page_id=122\">\n\n\t\t\t\t\t\t\t\t\t\t\t<span class=\"elementor-icon-list-text\">EN<\/span>\n\t\t\t\t\t\t\t\t\t\t\t<\/a>\n\t\t\t\t\t\t\t\t\t<\/li>\n\t\t\t\t\t\t<\/ul>\n\t\t\t\t<\/div>\n\t\t\t\t<\/div>\n\t\t\t\t\t<\/div>\n\t\t\t\t<\/div>\n\t\t<div data-pa-eq-height=\"{&quot;targetType&quot;:&quot;widget&quot;,&quot;target&quot;:&quot;&quot;,&quot;trigger&quot;:&quot;load&quot;,&quot;enableOn&quot;:[&quot;desktop&quot;,&quot;tablet&quot;,&quot;mobile&quot;]}\" class=\"elementor-element elementor-element-482aadd premium-equal-height-yes e-flex e-con-boxed e-con e-parent\" data-id=\"482aadd\" data-element_type=\"container\" id=\"inicio\" data-settings=\"{&quot;background_background&quot;:&quot;video&quot;,&quot;background_video_link&quot;:&quot;https:\\\/\\\/nethitsgroup.com\\\/wp-content\\\/uploads\\\/2024\\\/09\\\/fondo-animado.mp4&quot;,&quot;premium_eq_height_switcher&quot;:&quot;yes&quot;,&quot;background_play_on_mobile&quot;:&quot;yes&quot;}\">\n\t\t\t\t\t<div class=\"e-con-inner\">\n\t\t<div class=\"elementor-background-video-container\">\n\t\t\t\t\t\t\t<video class=\"elementor-background-video-hosted elementor-html5-video\" autoplay muted playsinline loop><\/video>\n\t\t\t\t\t<\/div>\t\t<div class=\"elementor-element elementor-element-310db21 elementor-widget elementor-widget-image\" data-id=\"310db21\" data-element_type=\"widget\" data-widget_type=\"image.default\">\n\t\t\t\t<div class=\"elementor-widget-container\">\n\t\t\t\t\t\t\t\t\t\t\t\t\t<img fetchpriority=\"high\" decoding=\"async\" width=\"800\" height=\"275\" src=\"https:\/\/nethitsgroup.com\/wp-content\/uploads\/2024\/09\/nethits-group-blanco-1-1024x352.png\" class=\"attachment-large size-large wp-image-129\" alt=\"\" srcset=\"https:\/\/nethitsgroup.com\/wp-content\/uploads\/2024\/09\/nethits-group-blanco-1-1024x352.png 1024w, https:\/\/nethitsgroup.com\/wp-content\/uploads\/2024\/09\/nethits-group-blanco-1-300x103.png 300w, https:\/\/nethitsgroup.com\/wp-content\/uploads\/2024\/09\/nethits-group-blanco-1-768x264.png 768w, https:\/\/nethitsgroup.com\/wp-content\/uploads\/2024\/09\/nethits-group-blanco-1.png 1480w\" sizes=\"(max-width: 800px) 100vw, 800px\" \/>\t\t\t\t\t\t\t\t\t\t\t\t\t<\/div>\n\t\t\t\t<\/div>\n\t\t\t\t\t<\/div>\n\t\t\t\t<\/div>\n\t\t<div data-pa-eq-height=\"{&quot;targetType&quot;:&quot;widget&quot;,&quot;target&quot;:&quot;&quot;,&quot;trigger&quot;:&quot;load&quot;,&quot;enableOn&quot;:[&quot;desktop&quot;,&quot;tablet&quot;,&quot;mobile&quot;]}\" class=\"elementor-element elementor-element-179bef2 premium-equal-height-yes e-flex e-con-boxed e-con e-parent\" data-id=\"179bef2\" data-element_type=\"container\" id=\"somos\" data-settings=\"{&quot;background_background&quot;:&quot;classic&quot;,&quot;premium_eq_height_switcher&quot;:&quot;yes&quot;}\">\n\t\t\t\t\t<div class=\"e-con-inner\">\n\t\t\t\t<div class=\"elementor-element elementor-element-cd4e5da premium-svg-animated-yes elementor-widget elementor-widget-premium-svg-drawer\" data-id=\"cd4e5da\" data-element_type=\"widget\" data-settings=\"{&quot;scroll_action&quot;:&quot;automatic&quot;,&quot;frames&quot;:8,&quot;loop&quot;:&quot;true&quot;,&quot;animate_start_point&quot;:{&quot;unit&quot;:&quot;%&quot;,&quot;size&quot;:0,&quot;sizes&quot;:[]},&quot;animate_trigger&quot;:&quot;center&quot;,&quot;anim_rev&quot;:&quot;yes&quot;}\" data-widget_type=\"premium-svg-drawer.default\">\n\t\t\t\t<div class=\"elementor-widget-container\">\n\t\t\t\n\t\t\t<div class=\"premium-svg-draw elementor-invisible\">\n\n\t\t\t\t\n\t\t\t\t\n\t\t\t\t\t\t\t\t\t\t<i id=\"premium-svg-icon-cd4e5da\" class=\"premium-svg-icon fas fa-quote-left\" aria-hidden=\"true\" data-start=\"manual\"><\/i>\n\t\t\t\t\n\t\t\t\t\n\t\t\t<\/div>\n\n\t\t\t\t<\/div>\n\t\t\t\t<\/div>\n\t\t\t\t<div class=\"elementor-element elementor-element-49bbaf0 animated-slow elementor-invisible elementor-widget elementor-widget-text-editor\" data-id=\"49bbaf0\" data-element_type=\"widget\" data-settings=\"{&quot;_animation&quot;:&quot;fadeIn&quot;,&quot;_animation_delay&quot;:1000}\" data-widget_type=\"text-editor.default\">\n\t\t\t\t<div class=\"elementor-widget-container\">\n\t\t\t\t\t\t\t<p>Somos NETHITS, grupo empresarial de origen espa\u00f1ol con cerca de 20 a\u00f1os de experiencia en el \u00e1mbito de las telecomunicaciones. Nuestra misi\u00f3n es ofrecer a nuestros clientes soluciones &#8216;tech&#8217; para m\u00faltiples sectores, como el del &#8216;hospitality&#8217; o los centros de datos. Nos mueve proponer modelos de negocio innovadores, ofrecer soluciones integradoras y trabajar con las mejores tecnolog\u00edas que se adapten a las necesidades particulares de cada cliente.<\/p>\t\t\t\t\t\t<\/div>\n\t\t\t\t<\/div>\n\t\t\t\t<div class=\"elementor-element elementor-element-ac92c0e premium-svg-animated-yes elementor-widget elementor-widget-premium-svg-drawer\" data-id=\"ac92c0e\" data-element_type=\"widget\" data-settings=\"{&quot;scroll_action&quot;:&quot;automatic&quot;,&quot;frames&quot;:8,&quot;loop&quot;:&quot;true&quot;,&quot;animate_start_point&quot;:{&quot;unit&quot;:&quot;%&quot;,&quot;size&quot;:0,&quot;sizes&quot;:[]},&quot;animate_trigger&quot;:&quot;center&quot;,&quot;anim_rev&quot;:&quot;yes&quot;}\" data-widget_type=\"premium-svg-drawer.default\">\n\t\t\t\t<div class=\"elementor-widget-container\">\n\t\t\t\n\t\t\t<div class=\"premium-svg-draw elementor-invisible\">\n\n\t\t\t\t\n\t\t\t\t\n\t\t\t\t\t\t\t\t\t\t<i id=\"premium-svg-icon-ac92c0e\" class=\"premium-svg-icon fas fa-quote-right\" aria-hidden=\"true\" data-start=\"manual\"><\/i>\n\t\t\t\t\n\t\t\t\t\n\t\t\t<\/div>\n\n\t\t\t\t<\/div>\n\t\t\t\t<\/div>\n\t\t\t\t\t<\/div>\n\t\t\t\t<\/div>\n\t\t<div data-pa-eq-height=\"{&quot;targetType&quot;:&quot;widget&quot;,&quot;target&quot;:&quot;&quot;,&quot;trigger&quot;:&quot;load&quot;,&quot;enableOn&quot;:[&quot;desktop&quot;,&quot;tablet&quot;,&quot;mobile&quot;]}\" class=\"elementor-element elementor-element-60ddf0c premium-equal-height-yes e-flex e-con-boxed e-con e-parent\" data-id=\"60ddf0c\" data-element_type=\"container\" id=\"empresas\" data-settings=\"{&quot;background_background&quot;:&quot;classic&quot;,&quot;premium_eq_height_switcher&quot;:&quot;yes&quot;}\">\n\t\t\t\t\t<div class=\"e-con-inner\">\n\t\t<div class=\"elementor-element elementor-element-c1adb5b e-con-full e-flex e-con e-child\" data-id=\"c1adb5b\" data-element_type=\"container\">\n\t\t\t\t<div class=\"elementor-element elementor-element-0ea7c97 elementor-widget elementor-widget-image\" data-id=\"0ea7c97\" data-element_type=\"widget\" data-widget_type=\"image.default\">\n\t\t\t\t<div class=\"elementor-widget-container\">\n\t\t\t\t\t\t\t\t\t\t\t\t\t\t<a href=\"https:\/\/nethits.com\/\">\n\t\t\t\t\t\t\t<img decoding=\"async\" width=\"800\" height=\"284\" src=\"https:\/\/nethitsgroup.com\/wp-content\/uploads\/2024\/09\/logo-it-solutions-1024x363.png\" class=\"attachment-large size-large wp-image-49\" alt=\"\" srcset=\"https:\/\/nethitsgroup.com\/wp-content\/uploads\/2024\/09\/logo-it-solutions-1024x363.png 1024w, https:\/\/nethitsgroup.com\/wp-content\/uploads\/2024\/09\/logo-it-solutions-300x106.png 300w, https:\/\/nethitsgroup.com\/wp-content\/uploads\/2024\/09\/logo-it-solutions-768x272.png 768w, https:\/\/nethitsgroup.com\/wp-content\/uploads\/2024\/09\/logo-it-solutions-1536x544.png 1536w, https:\/\/nethitsgroup.com\/wp-content\/uploads\/2024\/09\/logo-it-solutions-2048x725.png 2048w\" sizes=\"(max-width: 800px) 100vw, 800px\" \/>\t\t\t\t\t\t\t\t<\/a>\n\t\t\t\t\t\t\t\t\t\t\t\t\t<\/div>\n\t\t\t\t<\/div>\n\t\t\t\t<div class=\"elementor-element elementor-element-6adb503 elementor-widget elementor-widget-text-editor\" data-id=\"6adb503\" data-element_type=\"widget\" data-widget_type=\"text-editor.default\">\n\t\t\t\t<div class=\"elementor-widget-container\">\n\t\t\t\t\t\t\t<p>Proveedor global en soluciones tecnol\u00f3gicas avanzadas para el sector &#8216;hospitality&#8217;, que provocan experiencias positivas y un valor a\u00f1adido a los hoteleros, adem\u00e1s de distinguirles de su competencia.<\/p>\t\t\t\t\t\t<\/div>\n\t\t\t\t<\/div>\n\t\t\t\t<div class=\"elementor-element elementor-element-3548e37 elementor-align-center elementor-widget elementor-widget-button\" data-id=\"3548e37\" data-element_type=\"widget\" data-widget_type=\"button.default\">\n\t\t\t\t<div class=\"elementor-widget-container\">\n\t\t\t\t\t<div class=\"elementor-button-wrapper\">\n\t\t\t<a class=\"elementor-button elementor-button-link elementor-size-sm\" href=\"https:\/\/nethits.com\/\">\n\t\t\t\t\t\t<span class=\"elementor-button-content-wrapper\">\n\t\t\t\t\t\t<span class=\"elementor-button-icon\">\n\t\t\t\t<svg aria-hidden=\"true\" class=\"e-font-icon-svg e-fas-arrow-right\" viewBox=\"0 0 448 512\" xmlns=\"http:\/\/www.w3.org\/2000\/svg\"><path d=\"M190.5 66.9l22.2-22.2c9.4-9.4 24.6-9.4 33.9 0L441 239c9.4 9.4 9.4 24.6 0 33.9L246.6 467.3c-9.4 9.4-24.6 9.4-33.9 0l-22.2-22.2c-9.5-9.5-9.3-25 .4-34.3L311.4 296H24c-13.3 0-24-10.7-24-24v-32c0-13.3 10.7-24 24-24h287.4L190.9 101.2c-9.8-9.3-10-24.8-.4-34.3z\"><\/path><\/svg>\t\t\t<\/span>\n\t\t\t\t\t\t\t\t\t<span class=\"elementor-button-text\">Visitar web<\/span>\n\t\t\t\t\t<\/span>\n\t\t\t\t\t<\/a>\n\t\t<\/div>\n\t\t\t\t<\/div>\n\t\t\t\t<\/div>\n\t\t\t\t<\/div>\n\t\t<div class=\"elementor-element elementor-element-e306c4f e-con-full e-flex e-con e-child\" data-id=\"e306c4f\" data-element_type=\"container\">\n\t\t\t\t<div class=\"elementor-element elementor-element-35e1808 elementor-widget elementor-widget-image\" data-id=\"35e1808\" data-element_type=\"widget\" data-widget_type=\"image.default\">\n\t\t\t\t<div class=\"elementor-widget-container\">\n\t\t\t\t\t\t\t\t\t\t\t\t\t<img decoding=\"async\" width=\"800\" height=\"164\" src=\"https:\/\/nethitsgroup.com\/wp-content\/uploads\/2024\/09\/logo-nxn-data-centers.png\" class=\"attachment-large size-large wp-image-51\" alt=\"\" srcset=\"https:\/\/nethitsgroup.com\/wp-content\/uploads\/2024\/09\/logo-nxn-data-centers.png 800w, https:\/\/nethitsgroup.com\/wp-content\/uploads\/2024\/09\/logo-nxn-data-centers-300x62.png 300w, https:\/\/nethitsgroup.com\/wp-content\/uploads\/2024\/09\/logo-nxn-data-centers-768x157.png 768w\" sizes=\"(max-width: 800px) 100vw, 800px\" \/>\t\t\t\t\t\t\t\t\t\t\t\t\t<\/div>\n\t\t\t\t<\/div>\n\t\t\t\t<div class=\"elementor-element elementor-element-d7ad19a elementor-widget elementor-widget-text-editor\" data-id=\"d7ad19a\" data-element_type=\"widget\" data-widget_type=\"text-editor.default\">\n\t\t\t\t<div class=\"elementor-widget-container\">\n\t\t\t\t\t\t\t<p>NxN Datacenters es una plataforma de infraestructura digital compuesta por una red de centros de datos hiperconectados, sostenibles y con las m\u00e1s altas garant\u00edas de disponibilidad.<\/p>\t\t\t\t\t\t<\/div>\n\t\t\t\t<\/div>\n\t\t\t\t<div class=\"elementor-element elementor-element-b572a5e elementor-align-center elementor-widget elementor-widget-button\" data-id=\"b572a5e\" data-element_type=\"widget\" data-widget_type=\"button.default\">\n\t\t\t\t<div class=\"elementor-widget-container\">\n\t\t\t\t\t<div class=\"elementor-button-wrapper\">\n\t\t\t<a class=\"elementor-button elementor-button-link elementor-size-sm\" href=\"https:\/\/nxndata.com\/\">\n\t\t\t\t\t\t<span class=\"elementor-button-content-wrapper\">\n\t\t\t\t\t\t<span class=\"elementor-button-icon\">\n\t\t\t\t<svg aria-hidden=\"true\" class=\"e-font-icon-svg e-fas-arrow-right\" viewBox=\"0 0 448 512\" xmlns=\"http:\/\/www.w3.org\/2000\/svg\"><path d=\"M190.5 66.9l22.2-22.2c9.4-9.4 24.6-9.4 33.9 0L441 239c9.4 9.4 9.4 24.6 0 33.9L246.6 467.3c-9.4 9.4-24.6 9.4-33.9 0l-22.2-22.2c-9.5-9.5-9.3-25 .4-34.3L311.4 296H24c-13.3 0-24-10.7-24-24v-32c0-13.3 10.7-24 24-24h287.4L190.9 101.2c-9.8-9.3-10-24.8-.4-34.3z\"><\/path><\/svg>\t\t\t<\/span>\n\t\t\t\t\t\t\t\t\t<span class=\"elementor-button-text\">Visitar web<\/span>\n\t\t\t\t\t<\/span>\n\t\t\t\t\t<\/a>\n\t\t<\/div>\n\t\t\t\t<\/div>\n\t\t\t\t<\/div>\n\t\t\t\t<\/div>\n\t\t\t\t\t<\/div>\n\t\t\t\t<\/div>\n\t\t<div data-pa-eq-height=\"{&quot;targetType&quot;:&quot;widget&quot;,&quot;target&quot;:&quot;&quot;,&quot;trigger&quot;:&quot;load&quot;,&quot;enableOn&quot;:[&quot;desktop&quot;,&quot;tablet&quot;,&quot;mobile&quot;]}\" class=\"elementor-element elementor-element-fae5c15 premium-equal-height-yes e-flex e-con-boxed e-con e-parent\" data-id=\"fae5c15\" data-element_type=\"container\" id=\"contacto\" data-settings=\"{&quot;background_background&quot;:&quot;video&quot;,&quot;background_video_link&quot;:&quot;https:\\\/\\\/nethitsgroup.com\\\/wp-content\\\/uploads\\\/2024\\\/09\\\/bg_nethits.mp4&quot;,&quot;premium_eq_height_switcher&quot;:&quot;yes&quot;,&quot;background_play_on_mobile&quot;:&quot;yes&quot;}\">\n\t\t\t\t\t<div class=\"e-con-inner\">\n\t\t<div class=\"elementor-background-video-container\">\n\t\t\t\t\t\t\t<video class=\"elementor-background-video-hosted elementor-html5-video\" autoplay muted playsinline loop><\/video>\n\t\t\t\t\t<\/div>\t\t<div class=\"elementor-element elementor-element-3052938 premium-svg-animated-yes elementor-widget elementor-widget-premium-svg-drawer\" data-id=\"3052938\" data-element_type=\"widget\" data-settings=\"{&quot;scroll_action&quot;:&quot;automatic&quot;,&quot;frames&quot;:8,&quot;loop&quot;:&quot;true&quot;,&quot;animate_start_point&quot;:{&quot;unit&quot;:&quot;%&quot;,&quot;size&quot;:0,&quot;sizes&quot;:[]},&quot;animate_trigger&quot;:&quot;center&quot;,&quot;anim_rev&quot;:&quot;yes&quot;}\" data-widget_type=\"premium-svg-drawer.default\">\n\t\t\t\t<div class=\"elementor-widget-container\">\n\t\t\t\n\t\t\t<div class=\"premium-svg-draw elementor-invisible\">\n\n\t\t\t\t\n\t\t\t\t\n\t\t\t\t\t\t\t\t\t\t<i id=\"premium-svg-icon-3052938\" class=\"premium-svg-icon fas fa-envelope\" aria-hidden=\"true\" data-start=\"manual\"><\/i>\n\t\t\t\t\n\t\t\t\t\n\t\t\t<\/div>\n\n\t\t\t\t<\/div>\n\t\t\t\t<\/div>\n\t\t\t\t<div class=\"elementor-element elementor-element-0578953 elementor-widget elementor-widget-text-editor\" data-id=\"0578953\" data-element_type=\"widget\" data-widget_type=\"text-editor.default\">\n\t\t\t\t<div class=\"elementor-widget-container\">\n\t\t\t\t\t\t\t<p>Si quieres contactar con Nethits, escr\u00edbenos a <a href=\"mailto:info@nethitsgroup.com\">info@nethitsgroup.com<\/a><\/p>\t\t\t\t\t\t<\/div>\n\t\t\t\t<\/div>\n\t\t\t\t\t<\/div>\n\t\t\t\t<\/div>\n\t\t<div class=\"elementor-element elementor-element-965c094 e-flex e-con-boxed e-con e-parent\" data-id=\"965c094\" data-element_type=\"container\" data-settings=\"{&quot;background_background&quot;:&quot;classic&quot;}\">\n\t\t\t\t\t<div class=\"e-con-inner\">\n\t\t\t\t\t<\/div>\n\t\t\t\t<\/div>\n\t\t\t\t<\/div>\n\t\t","protected":false},"excerpt":{"rendered":"<p>Somos Empresas Contacto EN Somos NETHITS, grupo empresarial de origen espa\u00f1ol con cerca de 20 a\u00f1os de experiencia en el \u00e1mbito de las telecomunicaciones. Nuestra misi\u00f3n es ofrecer a nuestros clientes soluciones &#8216;tech&#8217; para m\u00faltiples sectores, como el del &#8216;hospitality&#8217; o los centros de datos. Nos mueve proponer modelos de negocio innovadores, ofrecer soluciones integradoras [&hellip;]<\/p>\n","protected":false},"author":1,"featured_media":0,"parent":0,"menu_order":0,"comment_status":"closed","ping_status":"open","template":"elementor_canvas","meta":{"footnotes":""},"class_list":["post-2","page","type-page","status-publish","hentry"],"_links":{"self":[{"href":"https:\/\/nethitsgroup.com\/index.php?rest_route=\/wp\/v2\/pages\/2","targetHints":{"allow":["GET"]}}],"collection":[{"href":"https:\/\/nethitsgroup.com\/index.php?rest_route=\/wp\/v2\/pages"}],"about":[{"href":"https:\/\/nethitsgroup.com\/index.php?rest_route=\/wp\/v2\/types\/page"}],"author":[{"embeddable":true,"href":"https:\/\/nethitsgroup.com\/index.php?rest_route=\/wp\/v2\/users\/1"}],"replies":[{"embeddable":true,"href":"https:\/\/nethitsgroup.com\/index.php?rest_route=%2Fwp%2Fv2%2Fcomments&post=2"}],"version-history":[{"count":124,"href":"https:\/\/nethitsgroup.com\/index.php?rest_route=\/wp\/v2\/pages\/2\/revisions"}],"predecessor-version":[{"id":172,"href":"https:\/\/nethitsgroup.com\/index.php?rest_route=\/wp\/v2\/pages\/2\/revisions\/172"}],"wp:attachment":[{"href":"https:\/\/nethitsgroup.com\/index.php?rest_route=%2Fwp%2Fv2%2Fmedia&parent=2"}],"curies":[{"name":"wp","href":"https:\/\/api.w.org\/{rel}","templated":true}]}}